{"id":67,"date":"2020-05-11T00:21:29","date_gmt":"2020-05-11T00:21:29","guid":{"rendered":"https:\/\/motelnolen.com\/?page_id=67"},"modified":"2020-06-03T22:54:42","modified_gmt":"2020-06-03T22:54:42","slug":"contact-motel-nolen","status":"publish","type":"page","link":"https:\/\/motelnolen.com\/index.php\/contact-motel-nolen\/","title":{"rendered":"Contact"},"content":{"rendered":"\t\t<div data-elementor-type=\"wp-page\" data-elementor-id=\"67\" class=\"elementor elementor-67\" data-elementor-post-type=\"page\">\n\t\t\t\t\t\t<section class=\"elementor-section elementor-top-section elementor-element elementor-element-7e43782a elementor-section-boxed elementor-section-height-default elementor-section-height-default\" data-id=\"7e43782a\" data-element_type=\"section\" data-e-type=\"section\" data-settings=\"{&quot;background_background&quot;:&quot;classic&quot;}\">\n\t\t\t\t\t\t\t<div class=\"elementor-background-overlay\"><\/div>\n\t\t\t\t\t\t\t<div class=\"elementor-container elementor-column-gap-no\">\n\t\t\t\t\t<div class=\"elementor-column elementor-col-100 elementor-top-column elementor-element elementor-element-187f8bce\" data-id=\"187f8bce\" data-element_type=\"column\" data-e-type=\"column\">\n\t\t\t<div class=\"elementor-widget-wrap elementor-element-populated\">\n\t\t\t\t\t\t<div class=\"elementor-element elementor-element-1c36e43 elementor-widget elementor-widget-heading\" data-id=\"1c36e43\" data-element_type=\"widget\" data-e-type=\"widget\" data-widget_type=\"heading.default\">\n\t\t\t\t<div class=\"elementor-widget-container\">\n\t\t\t\t\t<h2 class=\"elementor-heading-title elementor-size-default\">Contact<\/h2>\t\t\t\t<\/div>\n\t\t\t\t<\/div>\n\t\t\t\t<div class=\"elementor-element elementor-element-33c7de9c elementor-widget elementor-widget-text-editor\" data-id=\"33c7de9c\" data-element_type=\"widget\" data-e-type=\"widget\" data-widget_type=\"text-editor.default\">\n\t\t\t\t<div class=\"elementor-widget-container\">\n\t\t\t\t\t\t\t\t\t<p>Nous joindre: \u00a0(418)638-5377<\/p>\t\t\t\t\t\t\t\t<\/div>\n\t\t\t\t<\/div>\n\t\t\t\t\t<\/div>\n\t\t<\/div>\n\t\t\t\t\t<\/div>\n\t\t<\/section>\n\t\t\t\t<section class=\"elementor-section elementor-top-section elementor-element elementor-element-882ecd3 elementor-section-boxed elementor-section-height-default elementor-section-height-default\" data-id=\"882ecd3\" data-element_type=\"section\" data-e-type=\"section\">\n\t\t\t\t\t\t<div class=\"elementor-container elementor-column-gap-no\">\n\t\t\t\t\t<div class=\"elementor-column elementor-col-50 elementor-top-column elementor-element elementor-element-5b04dff\" data-id=\"5b04dff\" data-element_type=\"column\" data-e-type=\"column\">\n\t\t\t<div class=\"elementor-widget-wrap elementor-element-populated\">\n\t\t\t\t\t\t<div class=\"elementor-element elementor-element-e197748 elementor-widget elementor-widget-heading\" data-id=\"e197748\" data-element_type=\"widget\" data-e-type=\"widget\" data-widget_type=\"heading.default\">\n\t\t\t\t<div class=\"elementor-widget-container\">\n\t\t\t\t\t<h2 class=\"elementor-heading-title elementor-size-default\">Motel Nolen<\/h2>\t\t\t\t<\/div>\n\t\t\t\t<\/div>\n\t\t\t\t<div class=\"elementor-element elementor-element-3e05a55 elementor-widget elementor-widget-text-editor\" data-id=\"3e05a55\" data-element_type=\"widget\" data-e-type=\"widget\" data-widget_type=\"text-editor.default\">\n\t\t\t\t<div class=\"elementor-widget-container\">\n\t\t\t\t\t\t\t\t\t<p>975, route 138, St-Sim\u00e9on (Qu\u00e9bec)<br \/>G0T 1X0<\/p><p>T\u00e9l\u00e9phone:\u00a0(418) 638-5377<br \/>Courriel: <a class=\"Yh1nIb asUmFb AL18ce\" href=\"mailto:brunoharvey4413@yahoo.ca\" target=\"_blank\" rel=\"noopener\" data-tooltip=\"Informations issues de vos contacts Google\" data-tooltip-position=\"top\">brunoharvey4413@yahoo.ca<\/a><\/p>\t\t\t\t\t\t\t\t<\/div>\n\t\t\t\t<\/div>\n\t\t\t\t\t<\/div>\n\t\t<\/div>\n\t\t\t\t<div class=\"elementor-column elementor-col-50 elementor-top-column elementor-element elementor-element-fc481ec\" data-id=\"fc481ec\" data-element_type=\"column\" data-e-type=\"column\">\n\t\t\t<div class=\"elementor-widget-wrap elementor-element-populated\">\n\t\t\t\t\t\t<div class=\"elementor-element elementor-element-96b3cd2 elementor-button-align-stretch elementor-widget elementor-widget-form\" data-id=\"96b3cd2\" data-element_type=\"widget\" data-e-type=\"widget\" data-settings=\"{&quot;button_width&quot;:&quot;100&quot;,&quot;step_next_label&quot;:&quot;Suivant&quot;,&quot;step_previous_label&quot;:&quot;Pr\\u00e9c\\u00e9dent&quot;,&quot;step_type&quot;:&quot;number_text&quot;,&quot;step_icon_shape&quot;:&quot;circle&quot;}\" data-widget_type=\"form.default\">\n\t\t\t\t<div class=\"elementor-widget-container\">\n\t\t\t\t\t\t\t<form class=\"elementor-form\" method=\"post\" name=\"New Form\" aria-label=\"New Form\">\n\t\t\t<input type=\"hidden\" name=\"post_id\" value=\"67\"\/>\n\t\t\t<input type=\"hidden\" name=\"form_id\" value=\"96b3cd2\"\/>\n\t\t\t<input type=\"hidden\" name=\"referer_title\" value=\"Contact - Motel Nolen Motel Charlevoix - H\u00e9bergement r\u00e9gion Charlevoix\" \/>\n\n\t\t\t\t\t\t\t<input type=\"hidden\" name=\"queried_id\" value=\"67\"\/>\n\t\t\t\n\t\t\t<div class=\"elementor-form-fields-wrapper elementor-labels-above\">\n\t\t\t\t\t\t\t\t<div class=\"elementor-field-type-text elementor-field-group elementor-column elementor-field-group-name elementor-col-100\">\n\t\t\t\t\t\t\t\t\t\t\t\t<label for=\"form-field-name\" class=\"elementor-field-label\">\n\t\t\t\t\t\t\t\tNom\t\t\t\t\t\t\t<\/label>\n\t\t\t\t\t\t\t\t\t\t\t\t\t\t<input size=\"1\" type=\"text\" name=\"form_fields[name]\" id=\"form-field-name\" class=\"elementor-field elementor-size-sm  elementor-field-textual\" placeholder=\"Nom\">\n\t\t\t\t\t\t\t\t\t\t\t<\/div>\n\t\t\t\t\t\t\t\t<div class=\"elementor-field-type-email elementor-field-group elementor-column elementor-field-group-email elementor-col-100 elementor-field-required\">\n\t\t\t\t\t\t\t\t\t\t\t\t<label for=\"form-field-email\" class=\"elementor-field-label\">\n\t\t\t\t\t\t\t\tCouriel\t\t\t\t\t\t\t<\/label>\n\t\t\t\t\t\t\t\t\t\t\t\t\t\t<input size=\"1\" type=\"email\" name=\"form_fields[email]\" id=\"form-field-email\" class=\"elementor-field elementor-size-sm  elementor-field-textual\" placeholder=\"Couriel\" required=\"required\">\n\t\t\t\t\t\t\t\t\t\t\t<\/div>\n\t\t\t\t\t\t\t\t<div class=\"elementor-field-type-textarea elementor-field-group elementor-column elementor-field-group-message elementor-col-100\">\n\t\t\t\t\t\t\t\t\t\t\t\t<label for=\"form-field-message\" class=\"elementor-field-label\">\n\t\t\t\t\t\t\t\tMessage\t\t\t\t\t\t\t<\/label>\n\t\t\t\t\t\t<textarea class=\"elementor-field-textual elementor-field  elementor-size-sm\" name=\"form_fields[message]\" id=\"form-field-message\" rows=\"4\" placeholder=\"Message\"><\/textarea>\t\t\t\t<\/div>\n\t\t\t\t\t\t\t\t<div class=\"elementor-field-group elementor-column elementor-field-type-submit elementor-col-100 e-form__buttons\">\n\t\t\t\t\t<button class=\"elementor-button elementor-size-sm\" type=\"submit\">\n\t\t\t\t\t\t<span class=\"elementor-button-content-wrapper\">\n\t\t\t\t\t\t\t\t\t\t\t\t\t\t\t<span class=\"elementor-button-icon\">\n\t\t\t\t\t\t\t\t\t<i aria-hidden=\"true\" class=\"far fa-envelope\"><\/i>\t\t\t\t\t\t\t\t\t\t\t\t\t\t\t\t\t<\/span>\n\t\t\t\t\t\t\t\t\t\t\t\t\t\t\t\t\t\t\t\t\t\t<span class=\"elementor-button-text\">ENVOYER<\/span>\n\t\t\t\t\t\t\t\t\t\t\t\t\t<\/span>\n\t\t\t\t\t<\/button>\n\t\t\t\t<\/div>\n\t\t\t<\/div>\n\t\t<\/form>\n\t\t\t\t\t\t<\/div>\n\t\t\t\t<\/div>\n\t\t\t\t\t<\/div>\n\t\t<\/div>\n\t\t\t\t\t<\/div>\n\t\t<\/section>\n\t\t\t\t<\/div>\n\t\t","protected":false},"excerpt":{"rendered":"<p>Contact Nous joindre: \u00a0(418)638-5377 Motel Nolen 975, route 138, St-Sim\u00e9on (Qu\u00e9bec)G0T 1X0 T\u00e9l\u00e9phone:\u00a0(418) 638-5377Courriel: brunoharvey4413@yahoo.ca<\/p>\n","protected":false},"author":1,"featured_media":0,"parent":0,"menu_order":0,"comment_status":"closed","ping_status":"closed","template":"elementor_header_footer","meta":{"footnotes":""},"class_list":["post-67","page","type-page","status-publish","hentry","entry"],"yoast_head":"<!-- This site is optimized with the Yoast SEO plugin v26.8 - https:\/\/yoast.com\/product\/yoast-seo-wordpress\/ -->\n<title>Contact - Motel Nolen Motel Charlevoix - H\u00e9bergement r\u00e9gion Charlevoix<\/title>\n<meta name=\"description\" content=\"Motel Nolen - Motel Charlevoix - H\u00e9bergement r\u00e9gion Charlevoix - Ou dormir - ou se loger - Tourisme \/ Destination Charlevoix - Municipalite St-Sim\u00e9on\" \/>\n<meta name=\"robots\" content=\"index, follow, max-snippet:-1, max-image-preview:large, max-video-preview:-1\" \/>\n<link rel=\"canonical\" href=\"https:\/\/motelnolen.com\/index.php\/contact-motel-nolen\/\" \/>\n<meta property=\"og:locale\" content=\"fr_FR\" \/>\n<meta property=\"og:type\" content=\"article\" \/>\n<meta property=\"og:title\" content=\"Contact - Motel Nolen Motel Charlevoix - H\u00e9bergement r\u00e9gion Charlevoix\" \/>\n<meta property=\"og:description\" content=\"Motel Nolen - Motel Charlevoix - H\u00e9bergement r\u00e9gion Charlevoix - Ou dormir - ou se loger - Tourisme \/ Destination Charlevoix - Municipalite St-Sim\u00e9on\" \/>\n<meta property=\"og:url\" content=\"https:\/\/motelnolen.com\/index.php\/contact-motel-nolen\/\" \/>\n<meta property=\"og:site_name\" content=\"Motel Nolen\" \/>\n<meta property=\"article:modified_time\" content=\"2020-06-03T22:54:42+00:00\" \/>\n<meta name=\"twitter:card\" content=\"summary_large_image\" \/>\n<script type=\"application\/ld+json\" class=\"yoast-schema-graph\">{\"@context\":\"https:\/\/schema.org\",\"@graph\":[{\"@type\":\"WebPage\",\"@id\":\"https:\/\/motelnolen.com\/index.php\/contact-motel-nolen\/\",\"url\":\"https:\/\/motelnolen.com\/index.php\/contact-motel-nolen\/\",\"name\":\"Contact - Motel Nolen Motel Charlevoix - H\u00e9bergement r\u00e9gion Charlevoix\",\"isPartOf\":{\"@id\":\"https:\/\/motelnolen.com\/#website\"},\"datePublished\":\"2020-05-11T00:21:29+00:00\",\"dateModified\":\"2020-06-03T22:54:42+00:00\",\"description\":\"Motel Nolen - Motel Charlevoix - H\u00e9bergement r\u00e9gion Charlevoix - Ou dormir - ou se loger - Tourisme \/ Destination Charlevoix - Municipalite St-Sim\u00e9on\",\"breadcrumb\":{\"@id\":\"https:\/\/motelnolen.com\/index.php\/contact-motel-nolen\/#breadcrumb\"},\"inLanguage\":\"fr-FR\",\"potentialAction\":[{\"@type\":\"ReadAction\",\"target\":[\"https:\/\/motelnolen.com\/index.php\/contact-motel-nolen\/\"]}]},{\"@type\":\"BreadcrumbList\",\"@id\":\"https:\/\/motelnolen.com\/index.php\/contact-motel-nolen\/#breadcrumb\",\"itemListElement\":[{\"@type\":\"ListItem\",\"position\":1,\"name\":\"Accueil\",\"item\":\"https:\/\/motelnolen.com\/\"},{\"@type\":\"ListItem\",\"position\":2,\"name\":\"Contact\"}]},{\"@type\":\"WebSite\",\"@id\":\"https:\/\/motelnolen.com\/#website\",\"url\":\"https:\/\/motelnolen.com\/\",\"name\":\"Motel Nolen\",\"description\":\"\",\"potentialAction\":[{\"@type\":\"SearchAction\",\"target\":{\"@type\":\"EntryPoint\",\"urlTemplate\":\"https:\/\/motelnolen.com\/?s={search_term_string}\"},\"query-input\":{\"@type\":\"PropertyValueSpecification\",\"valueRequired\":true,\"valueName\":\"search_term_string\"}}],\"inLanguage\":\"fr-FR\"}]}<\/script>\n<!-- \/ Yoast SEO plugin. -->","yoast_head_json":{"title":"Contact - Motel Nolen Motel Charlevoix - H\u00e9bergement r\u00e9gion Charlevoix","description":"Motel Nolen - Motel Charlevoix - H\u00e9bergement r\u00e9gion Charlevoix - Ou dormir - ou se loger - Tourisme \/ Destination Charlevoix - Municipalite St-Sim\u00e9on","robots":{"index":"index","follow":"follow","max-snippet":"max-snippet:-1","max-image-preview":"max-image-preview:large","max-video-preview":"max-video-preview:-1"},"canonical":"https:\/\/motelnolen.com\/index.php\/contact-motel-nolen\/","og_locale":"fr_FR","og_type":"article","og_title":"Contact - Motel Nolen Motel Charlevoix - H\u00e9bergement r\u00e9gion Charlevoix","og_description":"Motel Nolen - Motel Charlevoix - H\u00e9bergement r\u00e9gion Charlevoix - Ou dormir - ou se loger - Tourisme \/ Destination Charlevoix - Municipalite St-Sim\u00e9on","og_url":"https:\/\/motelnolen.com\/index.php\/contact-motel-nolen\/","og_site_name":"Motel Nolen","article_modified_time":"2020-06-03T22:54:42+00:00","twitter_card":"summary_large_image","schema":{"@context":"https:\/\/schema.org","@graph":[{"@type":"WebPage","@id":"https:\/\/motelnolen.com\/index.php\/contact-motel-nolen\/","url":"https:\/\/motelnolen.com\/index.php\/contact-motel-nolen\/","name":"Contact - Motel Nolen Motel Charlevoix - H\u00e9bergement r\u00e9gion Charlevoix","isPartOf":{"@id":"https:\/\/motelnolen.com\/#website"},"datePublished":"2020-05-11T00:21:29+00:00","dateModified":"2020-06-03T22:54:42+00:00","description":"Motel Nolen - Motel Charlevoix - H\u00e9bergement r\u00e9gion Charlevoix - Ou dormir - ou se loger - Tourisme \/ Destination Charlevoix - Municipalite St-Sim\u00e9on","breadcrumb":{"@id":"https:\/\/motelnolen.com\/index.php\/contact-motel-nolen\/#breadcrumb"},"inLanguage":"fr-FR","potentialAction":[{"@type":"ReadAction","target":["https:\/\/motelnolen.com\/index.php\/contact-motel-nolen\/"]}]},{"@type":"BreadcrumbList","@id":"https:\/\/motelnolen.com\/index.php\/contact-motel-nolen\/#breadcrumb","itemListElement":[{"@type":"ListItem","position":1,"name":"Accueil","item":"https:\/\/motelnolen.com\/"},{"@type":"ListItem","position":2,"name":"Contact"}]},{"@type":"WebSite","@id":"https:\/\/motelnolen.com\/#website","url":"https:\/\/motelnolen.com\/","name":"Motel Nolen","description":"","potentialAction":[{"@type":"SearchAction","target":{"@type":"EntryPoint","urlTemplate":"https:\/\/motelnolen.com\/?s={search_term_string}"},"query-input":{"@type":"PropertyValueSpecification","valueRequired":true,"valueName":"search_term_string"}}],"inLanguage":"fr-FR"}]}},"_links":{"self":[{"href":"https:\/\/motelnolen.com\/index.php\/wp-json\/wp\/v2\/pages\/67","targetHints":{"allow":["GET"]}}],"collection":[{"href":"https:\/\/motelnolen.com\/index.php\/wp-json\/wp\/v2\/pages"}],"about":[{"href":"https:\/\/motelnolen.com\/index.php\/wp-json\/wp\/v2\/types\/page"}],"author":[{"embeddable":true,"href":"https:\/\/motelnolen.com\/index.php\/wp-json\/wp\/v2\/users\/1"}],"replies":[{"embeddable":true,"href":"https:\/\/motelnolen.com\/index.php\/wp-json\/wp\/v2\/comments?post=67"}],"version-history":[{"count":29,"href":"https:\/\/motelnolen.com\/index.php\/wp-json\/wp\/v2\/pages\/67\/revisions"}],"predecessor-version":[{"id":389,"href":"https:\/\/motelnolen.com\/index.php\/wp-json\/wp\/v2\/pages\/67\/revisions\/389"}],"wp:attachment":[{"href":"https:\/\/motelnolen.com\/index.php\/wp-json\/wp\/v2\/media?parent=67"}],"curies":[{"name":"wp","href":"https:\/\/api.w.org\/{rel}","templated":true}]}}