{"id":214,"date":"2020-05-28T21:28:08","date_gmt":"2020-05-28T21:28:08","guid":{"rendered":"https:\/\/motelnolen.com\/?page_id=214"},"modified":"2025-05-07T13:35:45","modified_gmt":"2025-05-07T13:35:45","slug":"chambres","status":"publish","type":"page","link":"https:\/\/motelnolen.com\/index.php\/chambres\/","title":{"rendered":"Chambres"},"content":{"rendered":"\t\t<div data-elementor-type=\"wp-page\" data-elementor-id=\"214\" class=\"elementor elementor-214\" data-elementor-post-type=\"page\">\n\t\t\t\t\t\t<section class=\"elementor-section elementor-top-section elementor-element elementor-element-45a09636 elementor-section-boxed elementor-section-height-default elementor-section-height-default\" data-id=\"45a09636\" data-element_type=\"section\" data-e-type=\"section\" data-settings=\"{&quot;background_background&quot;:&quot;classic&quot;}\">\n\t\t\t\t\t\t\t<div class=\"elementor-background-overlay\"><\/div>\n\t\t\t\t\t\t\t<div class=\"elementor-container elementor-column-gap-no\">\n\t\t\t\t\t<div class=\"elementor-column elementor-col-100 elementor-top-column elementor-element elementor-element-c6d0cb8\" data-id=\"c6d0cb8\" data-element_type=\"column\" data-e-type=\"column\">\n\t\t\t<div class=\"elementor-widget-wrap elementor-element-populated\">\n\t\t\t\t\t\t<div class=\"elementor-element elementor-element-49e1bfc1 elementor-widget elementor-widget-heading\" data-id=\"49e1bfc1\" data-element_type=\"widget\" data-e-type=\"widget\" data-widget_type=\"heading.default\">\n\t\t\t\t<div class=\"elementor-widget-container\">\n\t\t\t\t\t<h2 class=\"elementor-heading-title elementor-size-default\">Nos Chambres<\/h2>\t\t\t\t<\/div>\n\t\t\t\t<\/div>\n\t\t\t\t<div class=\"elementor-element elementor-element-1e57fdb0 elementor-widget elementor-widget-text-editor\" data-id=\"1e57fdb0\" data-element_type=\"widget\" data-e-type=\"widget\" data-widget_type=\"text-editor.default\">\n\t\t\t\t<div class=\"elementor-widget-container\">\n\t\t\t\t\t\t\t\t\t<p>Spacieuses et confortable, avec une vue panoramique sur le fleuve St-Laurent<\/p>\t\t\t\t\t\t\t\t<\/div>\n\t\t\t\t<\/div>\n\t\t\t\t\t<\/div>\n\t\t<\/div>\n\t\t\t\t\t<\/div>\n\t\t<\/section>\n\t\t\t\t<section class=\"elementor-section elementor-top-section elementor-element elementor-element-4b791e4 elementor-section-boxed elementor-section-height-default elementor-section-height-default\" data-id=\"4b791e4\" data-element_type=\"section\" data-e-type=\"section\">\n\t\t\t\t\t\t<div class=\"elementor-container elementor-column-gap-default\">\n\t\t\t\t\t<div class=\"elementor-column elementor-col-100 elementor-top-column elementor-element elementor-element-2ba8bd2\" data-id=\"2ba8bd2\" data-element_type=\"column\" data-e-type=\"column\">\n\t\t\t<div class=\"elementor-widget-wrap elementor-element-populated\">\n\t\t\t\t\t\t<div class=\"elementor-element elementor-element-a649a5c elementor-widget elementor-widget-spacer\" data-id=\"a649a5c\" data-element_type=\"widget\" data-e-type=\"widget\" data-widget_type=\"spacer.default\">\n\t\t\t\t<div class=\"elementor-widget-container\">\n\t\t\t\t\t\t\t<div class=\"elementor-spacer\">\n\t\t\t<div class=\"elementor-spacer-inner\"><\/div>\n\t\t<\/div>\n\t\t\t\t\t\t<\/div>\n\t\t\t\t<\/div>\n\t\t\t\t<div class=\"elementor-element elementor-element-c3fdc78 elementor-widget elementor-widget-text-editor\" data-id=\"c3fdc78\" data-element_type=\"widget\" data-e-type=\"widget\" data-widget_type=\"text-editor.default\">\n\t\t\t\t<div class=\"elementor-widget-container\">\n\t\t\t\t\t\t\t\t\t<p>\u00c0 5 minutes du traversier Rivi\u00e8re du Loup \/ Saint-Simeon et \u00e0 30 minutes du Mont Grand Fond.<\/p>\t\t\t\t\t\t\t\t<\/div>\n\t\t\t\t<\/div>\n\t\t\t\t\t<\/div>\n\t\t<\/div>\n\t\t\t\t\t<\/div>\n\t\t<\/section>\n\t\t\t\t<section class=\"elementor-section elementor-top-section elementor-element elementor-element-581c15a elementor-section-boxed elementor-section-height-default elementor-section-height-default\" data-id=\"581c15a\" data-element_type=\"section\" data-e-type=\"section\" data-settings=\"{&quot;background_background&quot;:&quot;classic&quot;}\">\n\t\t\t\t\t\t<div class=\"elementor-container elementor-column-gap-default\">\n\t\t\t\t\t<div class=\"elementor-column elementor-col-50 elementor-top-column elementor-element elementor-element-dc30850\" data-id=\"dc30850\" data-element_type=\"column\" data-e-type=\"column\">\n\t\t\t<div class=\"elementor-widget-wrap elementor-element-populated\">\n\t\t\t\t\t\t<div class=\"elementor-element elementor-element-a8440db elementor-widget elementor-widget-image\" data-id=\"a8440db\" data-element_type=\"widget\" data-e-type=\"widget\" data-widget_type=\"image.default\">\n\t\t\t\t<div class=\"elementor-widget-container\">\n\t\t\t\t\t\t\t\t\t\t\t\t\t\t\t<img fetchpriority=\"high\" decoding=\"async\" width=\"640\" height=\"480\" src=\"https:\/\/motelnolen.com\/wp-content\/uploads\/2020\/05\/061-1-1024x768.jpg\" class=\"attachment-large size-large wp-image-327\" alt=\"Motel Nolen - Motel region Charlevoix - Hebergement Charlevoix - Ou dormir - ou se loger - Municipalit\u00e9 Saint-Sim\u00e9on - village charlevoix - charlevoix baleine\" srcset=\"https:\/\/motelnolen.com\/wp-content\/uploads\/2020\/05\/061-1-1024x768.jpg 1024w, https:\/\/motelnolen.com\/wp-content\/uploads\/2020\/05\/061-1-300x225.jpg 300w, https:\/\/motelnolen.com\/wp-content\/uploads\/2020\/05\/061-1-768x576.jpg 768w, https:\/\/motelnolen.com\/wp-content\/uploads\/2020\/05\/061-1-1536x1152.jpg 1536w, https:\/\/motelnolen.com\/wp-content\/uploads\/2020\/05\/061-1-1568x1176.jpg 1568w, https:\/\/motelnolen.com\/wp-content\/uploads\/2020\/05\/061-1.jpg 1750w\" sizes=\"(max-width: 34.9rem) calc(100vw - 2rem), (max-width: 53rem) calc(8 * (100vw \/ 12)), (min-width: 53rem) calc(6 * (100vw \/ 12)), 100vw\" \/>\t\t\t\t\t\t\t\t\t\t\t\t\t\t\t<\/div>\n\t\t\t\t<\/div>\n\t\t\t\t\t<\/div>\n\t\t<\/div>\n\t\t\t\t<div class=\"elementor-column elementor-col-50 elementor-top-column elementor-element elementor-element-9e34c69\" data-id=\"9e34c69\" data-element_type=\"column\" data-e-type=\"column\">\n\t\t\t<div class=\"elementor-widget-wrap elementor-element-populated\">\n\t\t\t\t\t\t<div class=\"elementor-element elementor-element-d69e582 elementor-widget elementor-widget-heading\" data-id=\"d69e582\" data-element_type=\"widget\" data-e-type=\"widget\" data-widget_type=\"heading.default\">\n\t\t\t\t<div class=\"elementor-widget-container\">\n\t\t\t\t\t<h2 class=\"elementor-heading-title elementor-size-default\">Voici nos chambres<\/h2>\t\t\t\t<\/div>\n\t\t\t\t<\/div>\n\t\t\t\t<div class=\"elementor-element elementor-element-66cefaf elementor-widget elementor-widget-text-editor\" data-id=\"66cefaf\" data-element_type=\"widget\" data-e-type=\"widget\" data-widget_type=\"text-editor.default\">\n\t\t\t\t<div class=\"elementor-widget-container\">\n\t\t\t\t\t\t\t\t\t<p>Nos chambres sont toutes non fumeur, les animaux de compagnie ne sont pas admis.<br \/>Nous somme \u00e0 20 minutes de la Malbaie et 20 minutes de Baie Ste Catherine, une liaison par un traversier pour se rendre \u00e0 Tadoussac.<br \/><br \/><\/p>\t\t\t\t\t\t\t\t<\/div>\n\t\t\t\t<\/div>\n\t\t\t\t\t<\/div>\n\t\t<\/div>\n\t\t\t\t\t<\/div>\n\t\t<\/section>\n\t\t\t\t<section class=\"elementor-section elementor-top-section elementor-element elementor-element-cda5c6c elementor-section-boxed elementor-section-height-default elementor-section-height-default\" data-id=\"cda5c6c\" data-element_type=\"section\" data-e-type=\"section\">\n\t\t\t\t\t\t<div class=\"elementor-container elementor-column-gap-default\">\n\t\t\t\t\t<div class=\"elementor-column elementor-col-100 elementor-top-column elementor-element elementor-element-98a4868\" data-id=\"98a4868\" data-element_type=\"column\" data-e-type=\"column\">\n\t\t\t<div class=\"elementor-widget-wrap elementor-element-populated\">\n\t\t\t\t\t\t<div class=\"elementor-element elementor-element-e2878d4 elementor-widget elementor-widget-heading\" data-id=\"e2878d4\" data-element_type=\"widget\" data-e-type=\"widget\" data-widget_type=\"heading.default\">\n\t\t\t\t<div class=\"elementor-widget-container\">\n\t\t\t\t\t<h2 class=\"elementor-heading-title elementor-size-default\">Tarif<\/h2>\t\t\t\t<\/div>\n\t\t\t\t<\/div>\n\t\t\t\t<div class=\"elementor-element elementor-element-08bcf1b elementor-widget elementor-widget-text-editor\" data-id=\"08bcf1b\" data-element_type=\"widget\" data-e-type=\"widget\" data-widget_type=\"text-editor.default\">\n\t\t\t\t<div class=\"elementor-widget-container\">\n\t\t\t\t\t\t\t\t\t<p>Nos prix hors saison sont \u00e0 partir de 110.00 dollars pour une personne.<br \/>Haute saison \u00e0 partir de 145.00 dollars pour une personne.<\/p><h6>Un surplus additionnel par personne suppementaire. Les taxes et la taxe d&rsquo;h\u00e9bergement sont en sus.<\/h6>\t\t\t\t\t\t\t\t<\/div>\n\t\t\t\t<\/div>\n\t\t\t\t\t<\/div>\n\t\t<\/div>\n\t\t\t\t\t<\/div>\n\t\t<\/section>\n\t\t\t\t<section class=\"elementor-section elementor-top-section elementor-element elementor-element-5feb685 elementor-section-full_width elementor-section-height-default elementor-section-height-default\" data-id=\"5feb685\" data-element_type=\"section\" data-e-type=\"section\">\n\t\t\t\t\t\t<div class=\"elementor-container elementor-column-gap-default\">\n\t\t\t\t\t<div class=\"elementor-column elementor-col-100 elementor-top-column elementor-element elementor-element-c64b9c8\" data-id=\"c64b9c8\" data-element_type=\"column\" data-e-type=\"column\">\n\t\t\t<div class=\"elementor-widget-wrap elementor-element-populated\">\n\t\t\t\t\t\t<div class=\"elementor-element elementor-element-2f2bf05 elementor-widget elementor-widget-gallery\" data-id=\"2f2bf05\" data-element_type=\"widget\" data-e-type=\"widget\" data-settings=\"{&quot;columns&quot;:3,&quot;gap&quot;:{&quot;unit&quot;:&quot;px&quot;,&quot;size&quot;:7,&quot;sizes&quot;:[]},&quot;lazyload&quot;:&quot;yes&quot;,&quot;gallery_layout&quot;:&quot;grid&quot;,&quot;columns_tablet&quot;:2,&quot;columns_mobile&quot;:1,&quot;gap_tablet&quot;:{&quot;unit&quot;:&quot;px&quot;,&quot;size&quot;:10,&quot;sizes&quot;:[]},&quot;gap_mobile&quot;:{&quot;unit&quot;:&quot;px&quot;,&quot;size&quot;:10,&quot;sizes&quot;:[]},&quot;link_to&quot;:&quot;file&quot;,&quot;aspect_ratio&quot;:&quot;3:2&quot;,&quot;overlay_background&quot;:&quot;yes&quot;,&quot;content_hover_animation&quot;:&quot;fade-in&quot;}\" data-widget_type=\"gallery.default\">\n\t\t\t\t<div class=\"elementor-widget-container\">\n\t\t\t\t\t\t\t<div class=\"elementor-gallery__container\">\n\t\t\t\t\t\t\t<a class=\"e-gallery-item elementor-gallery-item elementor-animated-content\" href=\"https:\/\/motelnolen.com\/wp-content\/uploads\/2020\/05\/061-1-1.jpg\" data-elementor-open-lightbox=\"yes\" data-elementor-lightbox-slideshow=\"2f2bf05\" data-elementor-lightbox-title=\"Motel Nolen - Motel region Charlevoix - Hebergement Charlevoix - Ou dormir - ou se loger - Municipalit\u00e9 Saint-Sim\u00e9on - village charlevoix - charlevoix baleine\" data-elementor-lightbox-description=\"Motel Nolen - Motel region Charlevoix - Hebergement Charlevoix - Ou dormir - ou se loger - Municipalit\u00e9 Saint-Sim\u00e9on - village charlevoix - charlevoix baleine\" data-e-action-hash=\"#elementor-action%3Aaction%3Dlightbox%26settings%3DeyJpZCI6MzMzLCJ1cmwiOiJodHRwczpcL1wvbW90ZWxub2xlbi5jb21cL3dwLWNvbnRlbnRcL3VwbG9hZHNcLzIwMjBcLzA1XC8wNjEtMS0xLmpwZyIsInNsaWRlc2hvdyI6IjJmMmJmMDUifQ%3D%3D\">\n\t\t\t\t\t<div class=\"e-gallery-image elementor-gallery-item__image\" data-thumbnail=\"https:\/\/motelnolen.com\/wp-content\/uploads\/2020\/05\/061-1-1-300x225.jpg\" data-width=\"300\" data-height=\"225\" aria-label=\"Motel Nolen - Motel region Charlevoix - Hebergement Charlevoix - Ou dormir - ou se loger - Municipalit\u00e9 Saint-Sim\u00e9on - village charlevoix - charlevoix baleine\" role=\"img\" ><\/div>\n\t\t\t\t\t\t\t\t\t\t\t<div class=\"elementor-gallery-item__overlay\"><\/div>\n\t\t\t\t\t\t\t\t\t\t\t\t\t\t<\/a>\n\t\t\t\t\t\t\t<a class=\"e-gallery-item elementor-gallery-item elementor-animated-content\" href=\"https:\/\/motelnolen.com\/wp-content\/uploads\/2020\/05\/007-1-1.jpg\" data-elementor-open-lightbox=\"yes\" data-elementor-lightbox-slideshow=\"2f2bf05\" data-elementor-lightbox-title=\"Motel Nolen - Motel region Charlevoix - Hebergement Charlevoix - Ou dormir - ou se loger - Municipalit\u00e9 Saint-Sim\u00e9on - village charlevoix - charlevoix baleine\" data-elementor-lightbox-description=\"Motel Nolen - Motel region Charlevoix - Hebergement Charlevoix - Ou dormir - ou se loger - Municipalit\u00e9 Saint-Sim\u00e9on - village charlevoix - charlevoix baleine\" data-e-action-hash=\"#elementor-action%3Aaction%3Dlightbox%26settings%3DeyJpZCI6MzMxLCJ1cmwiOiJodHRwczpcL1wvbW90ZWxub2xlbi5jb21cL3dwLWNvbnRlbnRcL3VwbG9hZHNcLzIwMjBcLzA1XC8wMDctMS0xLmpwZyIsInNsaWRlc2hvdyI6IjJmMmJmMDUifQ%3D%3D\">\n\t\t\t\t\t<div class=\"e-gallery-image elementor-gallery-item__image\" data-thumbnail=\"https:\/\/motelnolen.com\/wp-content\/uploads\/2020\/05\/007-1-1-300x225.jpg\" data-width=\"300\" data-height=\"225\" aria-label=\"Motel Nolen - Motel region Charlevoix - Hebergement Charlevoix - Ou dormir - ou se loger - Municipalit\u00e9 Saint-Sim\u00e9on - village charlevoix - charlevoix baleine\" role=\"img\" ><\/div>\n\t\t\t\t\t\t\t\t\t\t\t<div class=\"elementor-gallery-item__overlay\"><\/div>\n\t\t\t\t\t\t\t\t\t\t\t\t\t\t<\/a>\n\t\t\t\t\t\t\t<a class=\"e-gallery-item elementor-gallery-item elementor-animated-content\" href=\"https:\/\/motelnolen.com\/wp-content\/uploads\/2020\/05\/015-1.jpg\" data-elementor-open-lightbox=\"yes\" data-elementor-lightbox-slideshow=\"2f2bf05\" data-elementor-lightbox-title=\"Motel Nolen - Motel region Charlevoix - Hebergement Charlevoix - Ou dormir - ou se loger - Municipalit\u00e9 Saint-Sim\u00e9on - village charlevoix - charlevoix baleine\" data-elementor-lightbox-description=\"Motel Nolen - Motel region Charlevoix - Hebergement Charlevoix - Ou dormir - ou se loger - Municipalit\u00e9 Saint-Sim\u00e9on - village charlevoix - charlevoix baleine\" data-e-action-hash=\"#elementor-action%3Aaction%3Dlightbox%26settings%3DeyJpZCI6MzMyLCJ1cmwiOiJodHRwczpcL1wvbW90ZWxub2xlbi5jb21cL3dwLWNvbnRlbnRcL3VwbG9hZHNcLzIwMjBcLzA1XC8wMTUtMS5qcGciLCJzbGlkZXNob3ciOiIyZjJiZjA1In0%3D\">\n\t\t\t\t\t<div class=\"e-gallery-image elementor-gallery-item__image\" data-thumbnail=\"https:\/\/motelnolen.com\/wp-content\/uploads\/2020\/05\/015-1-300x225.jpg\" data-width=\"300\" data-height=\"225\" aria-label=\"Motel Nolen - Motel region Charlevoix - Hebergement Charlevoix - Ou dormir - ou se loger - Municipalit\u00e9 Saint-Sim\u00e9on - village charlevoix - charlevoix baleine\" role=\"img\" ><\/div>\n\t\t\t\t\t\t\t\t\t\t\t<div class=\"elementor-gallery-item__overlay\"><\/div>\n\t\t\t\t\t\t\t\t\t\t\t\t\t\t<\/a>\n\t\t\t\t\t<\/div>\n\t\t\t\t\t<\/div>\n\t\t\t\t<\/div>\n\t\t\t\t\t<\/div>\n\t\t<\/div>\n\t\t\t\t\t<\/div>\n\t\t<\/section>\n\t\t\t\t<section class=\"elementor-section elementor-top-section elementor-element elementor-element-0b86016 elementor-section-boxed elementor-section-height-default elementor-section-height-default\" data-id=\"0b86016\" data-element_type=\"section\" data-e-type=\"section\">\n\t\t\t\t\t\t<div class=\"elementor-container elementor-column-gap-default\">\n\t\t\t\t\t<div class=\"elementor-column elementor-col-100 elementor-top-column elementor-element elementor-element-b9b0596\" data-id=\"b9b0596\" data-element_type=\"column\" data-e-type=\"column\">\n\t\t\t<div class=\"elementor-widget-wrap elementor-element-populated\">\n\t\t\t\t\t\t<div class=\"elementor-element elementor-element-6a5cd62 elementor-widget elementor-widget-heading\" data-id=\"6a5cd62\" data-element_type=\"widget\" data-e-type=\"widget\" data-widget_type=\"heading.default\">\n\t\t\t\t<div class=\"elementor-widget-container\">\n\t\t\t\t\t<h2 class=\"elementor-heading-title elementor-size-default\">Forfait<\/h2>\t\t\t\t<\/div>\n\t\t\t\t<\/div>\n\t\t\t\t<div class=\"elementor-element elementor-element-fec44d8 elementor-widget elementor-widget-text-editor\" data-id=\"fec44d8\" data-element_type=\"widget\" data-e-type=\"widget\" data-widget_type=\"text-editor.default\">\n\t\t\t\t<div class=\"elementor-widget-container\">\n\t\t\t\t\t\t\t\t\t<p>Trois nuit\u00e9es cons\u00e9cutive pour deux personnes, une r\u00e9duction vous sera accord\u00e9e pour les deux nuit\u00e9es additionnelles.<\/p><h6>Aucun entretien dans la chambre pendant le s\u00e9jour.<\/h6>\t\t\t\t\t\t\t\t<\/div>\n\t\t\t\t<\/div>\n\t\t\t\t\t<\/div>\n\t\t<\/div>\n\t\t\t\t\t<\/div>\n\t\t<\/section>\n\t\t\t\t<\/div>\n\t\t","protected":false},"excerpt":{"rendered":"<p>Nos Chambres Spacieuses et confortable, avec une vue panoramique sur le fleuve St-Laurent \u00c0 5 minutes du traversier Rivi\u00e8re du Loup \/ Saint-Simeon et \u00e0 30 minutes du Mont Grand Fond. Voici nos chambres Nos chambres sont toutes non fumeur, les animaux de compagnie ne sont pas admis.Nous somme \u00e0 20 minutes de la Malbaie [&hellip;]<\/p>\n","protected":false},"author":1,"featured_media":0,"parent":0,"menu_order":0,"comment_status":"closed","ping_status":"closed","template":"elementor_header_footer","meta":{"footnotes":""},"class_list":["post-214","page","type-page","status-publish","hentry","entry"],"yoast_head":"<!-- This site is optimized with the Yoast SEO plugin v26.8 - https:\/\/yoast.com\/product\/yoast-seo-wordpress\/ -->\n<title>Chambres - Motel Nolen Motel Charlevoix - H\u00e9bergement Charlevoix<\/title>\n<meta name=\"description\" content=\"Motel Nolen - Motel Charlevoix - H\u00e9bergement r\u00e9gion Charlevoix - Ou dormir - ou se loger - Tourisme \/ Destination Charlevoix - Municipalite St-Sim\u00e9on\" \/>\n<meta name=\"robots\" content=\"index, follow, max-snippet:-1, max-image-preview:large, max-video-preview:-1\" \/>\n<link rel=\"canonical\" href=\"https:\/\/motelnolen.com\/index.php\/chambres\/\" \/>\n<meta property=\"og:locale\" content=\"fr_FR\" \/>\n<meta property=\"og:type\" content=\"article\" \/>\n<meta property=\"og:title\" content=\"Chambres - Motel Nolen Motel Charlevoix - H\u00e9bergement Charlevoix\" \/>\n<meta property=\"og:description\" content=\"Motel Nolen - Motel Charlevoix - H\u00e9bergement r\u00e9gion Charlevoix - Ou dormir - ou se loger - Tourisme \/ Destination Charlevoix - Municipalite St-Sim\u00e9on\" \/>\n<meta property=\"og:url\" content=\"https:\/\/motelnolen.com\/index.php\/chambres\/\" \/>\n<meta property=\"og:site_name\" content=\"Motel Nolen\" \/>\n<meta property=\"article:modified_time\" content=\"2025-05-07T13:35:45+00:00\" \/>\n<meta property=\"og:image\" content=\"https:\/\/motelnolen.com\/wp-content\/uploads\/2020\/05\/061-1.jpg\" \/>\n\t<meta property=\"og:image:width\" content=\"1750\" \/>\n\t<meta property=\"og:image:height\" content=\"1313\" \/>\n\t<meta property=\"og:image:type\" content=\"image\/jpeg\" \/>\n<meta name=\"twitter:card\" content=\"summary_large_image\" \/>\n<meta name=\"twitter:label1\" content=\"Dur\u00e9e de lecture estim\u00e9e\" \/>\n\t<meta name=\"twitter:data1\" content=\"1 minute\" \/>\n<script type=\"application\/ld+json\" class=\"yoast-schema-graph\">{\"@context\":\"https:\/\/schema.org\",\"@graph\":[{\"@type\":\"WebPage\",\"@id\":\"https:\/\/motelnolen.com\/index.php\/chambres\/\",\"url\":\"https:\/\/motelnolen.com\/index.php\/chambres\/\",\"name\":\"Chambres - Motel Nolen Motel Charlevoix - H\u00e9bergement Charlevoix\",\"isPartOf\":{\"@id\":\"https:\/\/motelnolen.com\/#website\"},\"primaryImageOfPage\":{\"@id\":\"https:\/\/motelnolen.com\/index.php\/chambres\/#primaryimage\"},\"image\":{\"@id\":\"https:\/\/motelnolen.com\/index.php\/chambres\/#primaryimage\"},\"thumbnailUrl\":\"https:\/\/motelnolen.com\/wp-content\/uploads\/2020\/05\/061-1-1024x768.jpg\",\"datePublished\":\"2020-05-28T21:28:08+00:00\",\"dateModified\":\"2025-05-07T13:35:45+00:00\",\"description\":\"Motel Nolen - Motel Charlevoix - H\u00e9bergement r\u00e9gion Charlevoix - Ou dormir - ou se loger - Tourisme \/ Destination Charlevoix - Municipalite St-Sim\u00e9on\",\"breadcrumb\":{\"@id\":\"https:\/\/motelnolen.com\/index.php\/chambres\/#breadcrumb\"},\"inLanguage\":\"fr-FR\",\"potentialAction\":[{\"@type\":\"ReadAction\",\"target\":[\"https:\/\/motelnolen.com\/index.php\/chambres\/\"]}]},{\"@type\":\"ImageObject\",\"inLanguage\":\"fr-FR\",\"@id\":\"https:\/\/motelnolen.com\/index.php\/chambres\/#primaryimage\",\"url\":\"https:\/\/motelnolen.com\/wp-content\/uploads\/2020\/05\/061-1.jpg\",\"contentUrl\":\"https:\/\/motelnolen.com\/wp-content\/uploads\/2020\/05\/061-1.jpg\",\"width\":1750,\"height\":1313,\"caption\":\"Motel Nolen - Motel region Charlevoix - Hebergement Charlevoix - Ou dormir - ou se loger - Municipalit\u00e9 Saint-Sim\u00e9on - village charlevoix - charlevoix baleine\"},{\"@type\":\"BreadcrumbList\",\"@id\":\"https:\/\/motelnolen.com\/index.php\/chambres\/#breadcrumb\",\"itemListElement\":[{\"@type\":\"ListItem\",\"position\":1,\"name\":\"Accueil\",\"item\":\"https:\/\/motelnolen.com\/\"},{\"@type\":\"ListItem\",\"position\":2,\"name\":\"Chambres\"}]},{\"@type\":\"WebSite\",\"@id\":\"https:\/\/motelnolen.com\/#website\",\"url\":\"https:\/\/motelnolen.com\/\",\"name\":\"Motel Nolen\",\"description\":\"\",\"potentialAction\":[{\"@type\":\"SearchAction\",\"target\":{\"@type\":\"EntryPoint\",\"urlTemplate\":\"https:\/\/motelnolen.com\/?s={search_term_string}\"},\"query-input\":{\"@type\":\"PropertyValueSpecification\",\"valueRequired\":true,\"valueName\":\"search_term_string\"}}],\"inLanguage\":\"fr-FR\"}]}<\/script>\n<!-- \/ Yoast SEO plugin. -->","yoast_head_json":{"title":"Chambres - Motel Nolen Motel Charlevoix - H\u00e9bergement Charlevoix","description":"Motel Nolen - Motel Charlevoix - H\u00e9bergement r\u00e9gion Charlevoix - Ou dormir - ou se loger - Tourisme \/ Destination Charlevoix - Municipalite St-Sim\u00e9on","robots":{"index":"index","follow":"follow","max-snippet":"max-snippet:-1","max-image-preview":"max-image-preview:large","max-video-preview":"max-video-preview:-1"},"canonical":"https:\/\/motelnolen.com\/index.php\/chambres\/","og_locale":"fr_FR","og_type":"article","og_title":"Chambres - Motel Nolen Motel Charlevoix - H\u00e9bergement Charlevoix","og_description":"Motel Nolen - Motel Charlevoix - H\u00e9bergement r\u00e9gion Charlevoix - Ou dormir - ou se loger - Tourisme \/ Destination Charlevoix - Municipalite St-Sim\u00e9on","og_url":"https:\/\/motelnolen.com\/index.php\/chambres\/","og_site_name":"Motel Nolen","article_modified_time":"2025-05-07T13:35:45+00:00","og_image":[{"width":1750,"height":1313,"url":"https:\/\/motelnolen.com\/wp-content\/uploads\/2020\/05\/061-1.jpg","type":"image\/jpeg"}],"twitter_card":"summary_large_image","twitter_misc":{"Dur\u00e9e de lecture estim\u00e9e":"1 minute"},"schema":{"@context":"https:\/\/schema.org","@graph":[{"@type":"WebPage","@id":"https:\/\/motelnolen.com\/index.php\/chambres\/","url":"https:\/\/motelnolen.com\/index.php\/chambres\/","name":"Chambres - Motel Nolen Motel Charlevoix - H\u00e9bergement Charlevoix","isPartOf":{"@id":"https:\/\/motelnolen.com\/#website"},"primaryImageOfPage":{"@id":"https:\/\/motelnolen.com\/index.php\/chambres\/#primaryimage"},"image":{"@id":"https:\/\/motelnolen.com\/index.php\/chambres\/#primaryimage"},"thumbnailUrl":"https:\/\/motelnolen.com\/wp-content\/uploads\/2020\/05\/061-1-1024x768.jpg","datePublished":"2020-05-28T21:28:08+00:00","dateModified":"2025-05-07T13:35:45+00:00","description":"Motel Nolen - Motel Charlevoix - H\u00e9bergement r\u00e9gion Charlevoix - Ou dormir - ou se loger - Tourisme \/ Destination Charlevoix - Municipalite St-Sim\u00e9on","breadcrumb":{"@id":"https:\/\/motelnolen.com\/index.php\/chambres\/#breadcrumb"},"inLanguage":"fr-FR","potentialAction":[{"@type":"ReadAction","target":["https:\/\/motelnolen.com\/index.php\/chambres\/"]}]},{"@type":"ImageObject","inLanguage":"fr-FR","@id":"https:\/\/motelnolen.com\/index.php\/chambres\/#primaryimage","url":"https:\/\/motelnolen.com\/wp-content\/uploads\/2020\/05\/061-1.jpg","contentUrl":"https:\/\/motelnolen.com\/wp-content\/uploads\/2020\/05\/061-1.jpg","width":1750,"height":1313,"caption":"Motel Nolen - Motel region Charlevoix - Hebergement Charlevoix - Ou dormir - ou se loger - Municipalit\u00e9 Saint-Sim\u00e9on - village charlevoix - charlevoix baleine"},{"@type":"BreadcrumbList","@id":"https:\/\/motelnolen.com\/index.php\/chambres\/#breadcrumb","itemListElement":[{"@type":"ListItem","position":1,"name":"Accueil","item":"https:\/\/motelnolen.com\/"},{"@type":"ListItem","position":2,"name":"Chambres"}]},{"@type":"WebSite","@id":"https:\/\/motelnolen.com\/#website","url":"https:\/\/motelnolen.com\/","name":"Motel Nolen","description":"","potentialAction":[{"@type":"SearchAction","target":{"@type":"EntryPoint","urlTemplate":"https:\/\/motelnolen.com\/?s={search_term_string}"},"query-input":{"@type":"PropertyValueSpecification","valueRequired":true,"valueName":"search_term_string"}}],"inLanguage":"fr-FR"}]}},"_links":{"self":[{"href":"https:\/\/motelnolen.com\/index.php\/wp-json\/wp\/v2\/pages\/214","targetHints":{"allow":["GET"]}}],"collection":[{"href":"https:\/\/motelnolen.com\/index.php\/wp-json\/wp\/v2\/pages"}],"about":[{"href":"https:\/\/motelnolen.com\/index.php\/wp-json\/wp\/v2\/types\/page"}],"author":[{"embeddable":true,"href":"https:\/\/motelnolen.com\/index.php\/wp-json\/wp\/v2\/users\/1"}],"replies":[{"embeddable":true,"href":"https:\/\/motelnolen.com\/index.php\/wp-json\/wp\/v2\/comments?post=214"}],"version-history":[{"count":40,"href":"https:\/\/motelnolen.com\/index.php\/wp-json\/wp\/v2\/pages\/214\/revisions"}],"predecessor-version":[{"id":480,"href":"https:\/\/motelnolen.com\/index.php\/wp-json\/wp\/v2\/pages\/214\/revisions\/480"}],"wp:attachment":[{"href":"https:\/\/motelnolen.com\/index.php\/wp-json\/wp\/v2\/media?parent=214"}],"curies":[{"name":"wp","href":"https:\/\/api.w.org\/{rel}","templated":true}]}}